{"id":791,"date":"2023-11-26T22:22:08","date_gmt":"2023-11-26T20:22:08","guid":{"rendered":"https:\/\/www.meditation-workshop.de\/?page_id=791"},"modified":"2024-07-21T20:27:21","modified_gmt":"2024-07-21T18:27:21","slug":"anmeldelser-4","status":"publish","type":"page","link":"https:\/\/www.meditation-workshop.de\/da\/anmeldelser-4\/","title":{"rendered":"ANMELDELSER"},"content":{"rendered":"<p>VICKY KRIEPS (skuespillerinde)<\/p>\n<p> Jeg har aldrig v\u00e6ret god i skolen. Og aldrig en stor fan af trossystemer, klubber, undervisningsformer eller nogen form for udveksling af viden. Jeg har altid v\u00e6ret mist\u00e6nksom, n\u00e5r det kommer til at &#8220;f\u00f8lge&#8221; en skole. Det er derfor, jeg k\u00e6mpede med ideen om meditation, eller at l\u00e6re at g\u00f8re det, i lang tid. Og endda undg\u00e5et. Det var et perfekt tilf\u00e6lde, at jeg l\u00e6rte Siegmund Bergen at kende p\u00e5 en g\u00e5tur med venner og ikke med det form\u00e5l at finde en meditationsl\u00e6rer. S\u00e5 vi aftalte at m\u00f8des hjemme hos mig meget afslappet &#8211; og bare sidde p\u00e5 gulvet et sted. Og det var det. Der var ikke mere. Jeg var ikke l\u00e6ngere bange. For jeg kunne m\u00e6rke og forst\u00e5 \u2013 at det ikke handler om at forst\u00e5 noget. At &#8220;udf\u00f8re&#8221; noget. Hverken om mig, eleven eller om l\u00e6reren. Det betyder overhovedet ikke noget. Noget at tro p\u00e5. At g\u00f8re noget rigtigt. Tv\u00e6rtimod \u2013 det handler om at SLIPPE alle disse ting. Og s\u00e5 simpelt og banalt det end lyder, s\u00e5 stort er det faktisk. Siggi har s\u00e5dan en vidunderlig ydmyg og \u00e6rlig m\u00e5de at videregive disse teknikker p\u00e5. Og til sidst var det en lettelse at kunne f\u00f8lge denne &#8220;teknik&#8221;. For det handler om at l\u00e6re stilhed. Og tavshed tilh\u00f8rer ingen, ingen religion, ingen klub, intet system, ingen skole, intet trossystem. Det er derfor, at l\u00e6re meditation ikke er at l\u00e6re, ikke at g\u00f8re, men snarere at give slip. Jeg er meget taknemmelig for, at jeg kunne m\u00f8de Siggi, og at han kunne introducere mig til denne vidunderlige stilhed. Vicky Krieps Vicky Krieps medvirkede i forskellige tv-film og serier, herunder det f\u00f8rste afsnit af Frankfurter Tatort fra 2011, A Better World. I 2014 spillede Vicky Krieps titelrollen i ZDF-produktionen Elly Beinhorn &#8211; Soloflyvning af Christine Hartmann med Max Riemelt, Christian Berkel og Harald Krassnitzer. I 2017 spillede hun den kvindelige hovedrolle sammen med Daniel Day-Lewis i Paul Thomas Andersons flere Oscar-nominerede film The Silk Thread. I 2022 optr\u00e5dte hun i det historiske drama Corsage &#8211; hvor hun ogs\u00e5 var executive producer[5][6] &#8211; hvor hun portr\u00e6tterer kejserinde Elisabeth (&#8220;Sisi&#8221;) af \u00d8strig-Ungarn, for hvilken hun vandt den europ\u00e6iske filmpris for bedste kvindelige hovedrolle . Hun p\u00e5tog sig ogs\u00e5 en hovedrolle i Emily Atefs forholdsdrama Mere end nogensinde. Begge film modtog invitationer til Un Certain Regard-sektionen af \u200b\u200bfilmfestivalen i Cannes, hvor Krieps blev tildelt prisen for bedste pr\u00e6station for sin pr\u00e6station i Corsage.[7] Optagelserne begyndte p\u00e5 Ingeborg Bachmann &#8211; Journey into the Desert[8] i april 2022: I Margarethe von Trottas film spiller Vicky Krieps en af \u200b\u200bhovedrollerne, forfatteren Ingeborg Bachmanns.[9] (Wikipedia<\/p>\n","protected":false},"excerpt":{"rendered":"<p>VICKY KRIEPS (skuespillerinde) Jeg har aldrig v\u00e6ret god i skolen. Og aldrig en stor fan af trossystemer, klubber, undervisningsformer eller nogen form for udveksling af viden. Jeg har altid v\u00e6ret mist\u00e6nksom, n\u00e5r det kommer til at &#8220;f\u00f8lge&#8221; en skole. Det er derfor, jeg k\u00e6mpede med ideen om meditation, eller at l\u00e6re at g\u00f8re det, i [&hellip;]<\/p>\n","protected":false},"author":1,"featured_media":0,"parent":0,"menu_order":0,"comment_status":"closed","ping_status":"closed","template":"","meta":{"footnotes":""},"class_list":["post-791","page","type-page","status-publish","hentry"],"yoast_head":"<!-- This site is optimized with the Yoast SEO plugin v26.8 - https:\/\/yoast.com\/product\/yoast-seo-wordpress\/ -->\n<title>ANMELDELSER - Meditation-Workshop<\/title>\n<meta name=\"description\" content=\"VICKY KRIEPS (skuespillerinde) Jeg har aldrig v\u00e6ret god i skolen. Og aldrig en stor fan af trossystemer, klubber, undervisningsformer eller nogen form for\" \/>\n<meta name=\"robots\" content=\"index, follow, max-snippet:-1, max-image-preview:large, max-video-preview:-1\" \/>\n<link rel=\"canonical\" href=\"https:\/\/www.meditation-workshop.de\/da\/anmeldelser-4\/\" \/>\n<meta name=\"twitter:label1\" content=\"Est. reading time\" \/>\n\t<meta name=\"twitter:data1\" content=\"3 minutes\" \/>\n<script type=\"application\/ld+json\" class=\"yoast-schema-graph\">{\"@context\":\"https:\/\/schema.org\",\"@graph\":[{\"@type\":\"WebPage\",\"@id\":\"https:\/\/www.meditation-workshop.de\/da\/anmeldelser-4\/\",\"url\":\"https:\/\/www.meditation-workshop.de\/da\/anmeldelser-4\/\",\"name\":\"ANMELDELSER - Meditation-Workshop\",\"isPartOf\":{\"@id\":\"https:\/\/www.meditation-workshop.de\/#website\"},\"datePublished\":\"2023-11-26T20:22:08+00:00\",\"dateModified\":\"2024-07-21T18:27:21+00:00\",\"description\":\"VICKY KRIEPS (skuespillerinde) Jeg har aldrig v\u00e6ret god i skolen. Og aldrig en stor fan af trossystemer, klubber, undervisningsformer eller nogen form for\",\"inLanguage\":\"da-DK\",\"potentialAction\":[{\"@type\":\"ReadAction\",\"target\":[\"https:\/\/www.meditation-workshop.de\/da\/anmeldelser-4\/\"]}]},{\"@type\":\"WebSite\",\"@id\":\"https:\/\/www.meditation-workshop.de\/#website\",\"url\":\"https:\/\/www.meditation-workshop.de\/\",\"name\":\"Meditation-Workshop\",\"description\":\"Achtsamkeitmeditation. Stressbew\u00e4ltigung und Burnoutpr\u00e4vention durch Achtsamkeit\",\"potentialAction\":[{\"@type\":\"SearchAction\",\"target\":{\"@type\":\"EntryPoint\",\"urlTemplate\":\"https:\/\/www.meditation-workshop.de\/?s={search_term_string}\"},\"query-input\":{\"@type\":\"PropertyValueSpecification\",\"valueRequired\":true,\"valueName\":\"search_term_string\"}}],\"inLanguage\":\"da-DK\"}]}<\/script>\n<!-- \/ Yoast SEO plugin. -->","yoast_head_json":{"title":"ANMELDELSER - Meditation-Workshop","description":"VICKY KRIEPS (skuespillerinde) Jeg har aldrig v\u00e6ret god i skolen. Og aldrig en stor fan af trossystemer, klubber, undervisningsformer eller nogen form for","robots":{"index":"index","follow":"follow","max-snippet":"max-snippet:-1","max-image-preview":"max-image-preview:large","max-video-preview":"max-video-preview:-1"},"canonical":"https:\/\/www.meditation-workshop.de\/da\/anmeldelser-4\/","twitter_misc":{"Est. reading time":"3 minutes"},"schema":{"@context":"https:\/\/schema.org","@graph":[{"@type":"WebPage","@id":"https:\/\/www.meditation-workshop.de\/da\/anmeldelser-4\/","url":"https:\/\/www.meditation-workshop.de\/da\/anmeldelser-4\/","name":"ANMELDELSER - Meditation-Workshop","isPartOf":{"@id":"https:\/\/www.meditation-workshop.de\/#website"},"datePublished":"2023-11-26T20:22:08+00:00","dateModified":"2024-07-21T18:27:21+00:00","description":"VICKY KRIEPS (skuespillerinde) Jeg har aldrig v\u00e6ret god i skolen. Og aldrig en stor fan af trossystemer, klubber, undervisningsformer eller nogen form for","inLanguage":"da-DK","potentialAction":[{"@type":"ReadAction","target":["https:\/\/www.meditation-workshop.de\/da\/anmeldelser-4\/"]}]},{"@type":"WebSite","@id":"https:\/\/www.meditation-workshop.de\/#website","url":"https:\/\/www.meditation-workshop.de\/","name":"Meditation-Workshop","description":"Achtsamkeitmeditation. Stressbew\u00e4ltigung und Burnoutpr\u00e4vention durch Achtsamkeit","potentialAction":[{"@type":"SearchAction","target":{"@type":"EntryPoint","urlTemplate":"https:\/\/www.meditation-workshop.de\/?s={search_term_string}"},"query-input":{"@type":"PropertyValueSpecification","valueRequired":true,"valueName":"search_term_string"}}],"inLanguage":"da-DK"}]}},"_links":{"self":[{"href":"https:\/\/www.meditation-workshop.de\/da\/wp-json\/wp\/v2\/pages\/791","targetHints":{"allow":["GET"]}}],"collection":[{"href":"https:\/\/www.meditation-workshop.de\/da\/wp-json\/wp\/v2\/pages"}],"about":[{"href":"https:\/\/www.meditation-workshop.de\/da\/wp-json\/wp\/v2\/types\/page"}],"author":[{"embeddable":true,"href":"https:\/\/www.meditation-workshop.de\/da\/wp-json\/wp\/v2\/users\/1"}],"replies":[{"embeddable":true,"href":"https:\/\/www.meditation-workshop.de\/da\/wp-json\/wp\/v2\/comments?post=791"}],"version-history":[{"count":3,"href":"https:\/\/www.meditation-workshop.de\/da\/wp-json\/wp\/v2\/pages\/791\/revisions"}],"predecessor-version":[{"id":825,"href":"https:\/\/www.meditation-workshop.de\/da\/wp-json\/wp\/v2\/pages\/791\/revisions\/825"}],"wp:attachment":[{"href":"https:\/\/www.meditation-workshop.de\/da\/wp-json\/wp\/v2\/media?parent=791"}],"curies":[{"name":"wp","href":"https:\/\/api.w.org\/{rel}","templated":true}]}}