{"id":756,"date":"2023-09-24T13:08:54","date_gmt":"2023-09-24T11:08:54","guid":{"rendered":"https:\/\/www.meditation-workshop.de\/?page_id=756"},"modified":"2025-05-20T12:30:21","modified_gmt":"2025-05-20T10:30:21","slug":"anmeldelser","status":"publish","type":"page","link":"https:\/\/www.meditation-workshop.de\/da\/anmeldelser\/","title":{"rendered":"Anmeldelser"},"content":{"rendered":"<h1>ANMELDELSER<\/h1>\n<h2>Mathias Junge<\/h2>\n<div id=\"attachment_844\" style=\"width: 310px\" class=\"wp-caption alignleft\"><img loading=\"lazy\" decoding=\"async\" aria-describedby=\"caption-attachment-844\" class=\"size-medium wp-image-844\" src=\"https:\/\/www.meditation-workshop.de\/wp-content\/uploads\/2025\/03\/mathias-junge-300x176.jpeg\" alt=\"Mathias Junge\" width=\"300\" height=\"176\" srcset=\"https:\/\/www.meditation-workshop.de\/wp-content\/uploads\/2025\/03\/mathias-junge-300x176.jpeg 300w, https:\/\/www.meditation-workshop.de\/wp-content\/uploads\/2025\/03\/mathias-junge-1024x602.jpeg 1024w, https:\/\/www.meditation-workshop.de\/wp-content\/uploads\/2025\/03\/mathias-junge-768x451.jpeg 768w, https:\/\/www.meditation-workshop.de\/wp-content\/uploads\/2025\/03\/mathias-junge-1080x634.jpeg 1080w, https:\/\/www.meditation-workshop.de\/wp-content\/uploads\/2025\/03\/mathias-junge.jpeg 1469w\" sizes=\"auto, (max-width: 300px) 100vw, 300px\" \/><p id=\"caption-attachment-844\" class=\"wp-caption-text\">Mathias Junge<\/p><\/div>\n<blockquote style='display:block; float: left; width: 50%;'><p>\u201cDa jeg l\u00e6rte Siggi Bergen at kende for 8 \u00e5r siden, l\u00e6rte jeg, at meditation ikke kr\u00e6ver nogen indsats eller grundl\u00e6ggende viden og faktisk kan bruges i enhver hverdagssituation. Gennem mindfulness, b\u00e5de som person og i mit virke som skuespiller, er jeg dybere i her og nu og alt omkring mig bliver &#8220;relativt&#8221; p\u00e5 en gl\u00e6delig m\u00e5de. Bare et par minutter om dagen er en enorm energikilde&#8221; og hr. Bergen har en f\u00f8lsom m\u00e5de at formidle det hele p\u00e5\u201d<\/p><\/blockquote>\n<p><small>&#8220;Matthias Junge blev kendt gennem hovedrollen som politimester Kai Timmermann i tv-serien SOKO Wismar, som han spillede i 10 \u00e5r fra 2011 til 2021. Ydermere er Junge kendt for et bredt publikum som filmskuespiller, blandt andet i tv-serier som Tatort, Heldt, Morden im Norden, The Crime Scene Cleaner.&#8221; Kilde: <a href=\"https:\/\/de.wikipedia.org\/wiki\/Mathias_Junge\" target=\"_blank\" rel=\"noopener\">Wikipedia<\/a><\/small><\/p>\n<h2 style='float: none; clear: both;'>Vicky Krieps<\/h2>\n<div id=\"attachment_852\" style=\"width: 210px\" class=\"wp-caption alignleft\"><img loading=\"lazy\" decoding=\"async\" aria-describedby=\"caption-attachment-852\" class=\"size-medium wp-image-852\" src=\"https:\/\/www.meditation-workshop.de\/wp-content\/uploads\/2025\/03\/Vicky-Krieps-200x300.jpeg\" alt=\"Vicky Krieps\" width=\"200\" height=\"300\" srcset=\"https:\/\/www.meditation-workshop.de\/wp-content\/uploads\/2025\/03\/Vicky-Krieps-200x300.jpeg 200w, https:\/\/www.meditation-workshop.de\/wp-content\/uploads\/2025\/03\/Vicky-Krieps-683x1024.jpeg 683w, https:\/\/www.meditation-workshop.de\/wp-content\/uploads\/2025\/03\/Vicky-Krieps-768x1152.jpeg 768w, https:\/\/www.meditation-workshop.de\/wp-content\/uploads\/2025\/03\/Vicky-Krieps-1024x1536.jpeg 1024w, https:\/\/www.meditation-workshop.de\/wp-content\/uploads\/2025\/03\/Vicky-Krieps.jpeg 1067w\" sizes=\"auto, (max-width: 200px) 100vw, 200px\" \/><p id=\"caption-attachment-852\" class=\"wp-caption-text\">Copyright: Linda Rosa Saal<\/p><\/div>\n<blockquote style='display:block; float: left; width: 50%;'><p>&#8220;Jeg har aldrig v\u00e6ret god i skolen. Og aldrig en stor fan af trossystemer, klubber, undervisningsformer eller nogen form for udveksling af viden.<br \/>\nJeg har altid v\u00e6ret mist\u00e6nksom, n\u00e5r det kommer til at &#8220;f\u00f8lge&#8221; en skole.<br \/>\nS\u00e5 i lang tid k\u00e6mpede jeg med ideen om meditation eller at l\u00e6re at g\u00f8re det. Og endda undg\u00e5et.<br \/>\nDet var et perfekt tilf\u00e6lde, at jeg l\u00e6rte Siegmund Bergen at kende p\u00e5 en g\u00e5tur med venner og ikke med det form\u00e5l at finde en meditationsl\u00e6rer.<br \/>\nS\u00e5 vi aftalte at m\u00f8des hjemme hos mig meget afslappet &#8211; og bare sidde p\u00e5 gulvet et sted.<br \/>\nOg det var det. Der var ikke mere.<br \/>\nJeg var ikke l\u00e6ngere bange. For jeg kunne m\u00e6rke og forst\u00e5 \u2013 at det ikke handler om at forst\u00e5 noget. At &#8220;udf\u00f8re&#8221; noget.<br \/>\nHverken om mig, eleven eller om l\u00e6reren. Det betyder overhovedet ikke noget.<br \/>\nNoget at tro p\u00e5.<br \/>\nAt g\u00f8re noget rigtigt.<br \/>\nTv\u00e6rtimod \u2013 det handler om at SLIPPE alle disse ting.<br \/>\nOg s\u00e5 simpelt og banalt det end lyder, s\u00e5 stort er det faktisk.<br \/>\nSiggi har s\u00e5dan en vidunderlig ydmyg og \u00e6rlig m\u00e5de at videregive disse teknikker p\u00e5.<br \/>\nOg til sidst var det en lettelse at kunne f\u00f8lge denne &#8220;teknik&#8221;.<br \/>\nFor det handler om at l\u00e6re stilhed.<br \/>\nOg stilhed tilh\u00f8rer ingen, ingen religion, ingen klub, intet system, ingen skole, intet trossystem.<br \/>\nDerfor er det at l\u00e6re meditation ikke at l\u00e6re, ikke at g\u00f8re, men snarere at give slip.<\/p>\n<p>Jeg er meget taknemmelig for, at jeg kunne m\u00f8de Siggi, og at han kunne introducere mig til denne vidunderlige stilhed.<\/p>\n<p>Vicky Krieps&#8221;<\/p><\/blockquote>\n<p><small>&#8220;Vicky Krieps medvirkede i forskellige tv-film og serier, herunder det f\u00f8rste afsnit af Frankfurter Tatort fra 2011, A Better World. I 2014 spillede Vicky Krieps titelrollen i ZDF-produktionen Elly Beinhorn &#8211; Soloflyvning af Christine Hartmann med Max Riemelt, Christian Berkel og Harald Krassnitzer. I 2017 spillede hun den kvindelige hovedrolle sammen med Daniel Day-Lewis i Paul Thomas Andersons flere Oscar-nominerede film The Silk Thread. I 2022 medvirkede hun i det historiske drama Corsage &#8211; hvor hun ogs\u00e5 var executive producer &#8211; hvor hun portr\u00e6tterede kejserinde Elisabeth (&#8220;Sisi&#8221;) af \u00d8strig-Ungarn, for hvilken hun vandt den europ\u00e6iske filmpris for bedste kvindelige hovedrolle. Hun p\u00e5tog sig ogs\u00e5 en hovedrolle i Emily Atefs forholdsdrama Mere end nogensinde. Begge film modtog invitationer til Un Certain Regard-sektionen p\u00e5 filmfestivalen i Cannes, hvor Krieps blev tildelt prisen for bedste pr\u00e6station for sin pr\u00e6station i Corsage. Optagelserne begyndte p\u00e5 Ingeborg Bachmann &#8211; Rejsen ind i \u00f8rkenen i april 2022: I Margarethe von Trottas film spiller Vicky Krieps en af hovedrollerne, forfatteren Ingeborg Bachmanns.&#8221; Kilde: <a href=\"https:\/\/de.wikipedia.org\/wiki\/Vicky_Krieps\" target=\"_blank\" rel=\"noopener\">Wikipedia<\/a><\/small><\/p>\n<h2 style='float: none; clear: both;'>J\u00f6rg M\u00fcller-Kern<\/h2>\n<blockquote><p>\u201cJeg havde ingen forudg\u00e5ende viden om meditation, og jeg var heller ikke klar over, hvilken effekt det ville have p\u00e5 mig. Hr. Bergen guidede mig gennem effektive meditationer p\u00e5 sin meget behagelige m\u00e5de. Han \u00e5bnede ikke kun rummet for min egen stilhed for mig, han viste mig ogs\u00e5 p\u00e5 en imponerende m\u00e5de en vej ind i min egen sorg og min interpersonelle smerte for at kunne h\u00e5ndtere den. Det var meget helende for mig og en ufattelig oplevelse, som jeg er meget taknemmelig for hr. Bergen. Jeg \u00f8nsker ham fortsat lykke i hans arbejde som meditationsl\u00e6rer, og du et m\u00f8de med hr. Bergen.\u201d<\/p><\/blockquote>\n<p><small>J\u00f6rg M\u00fcller-Kern, belter og musiker,\u00a0N\u00fcbelfeld<\/small><\/p>\n<h2 style='float: none; clear: both;'>Lou Schoof<\/h2>\n<div style=\"width: 250px\" class=\"wp-caption alignleft\"><img loading=\"lazy\" decoding=\"async\" src=\"https:\/\/www.meditation-workshop.de\/wp-content\/uploads\/2025\/04\/meditation-rezension-lou-schoof-240x300.jpg\" alt=\"Lou Schoof\" width=\"240\" height=\"300\" class=\"alignleft size-medium wp-image-879\" srcset=\"https:\/\/www.meditation-workshop.de\/wp-content\/uploads\/2025\/04\/meditation-rezension-lou-schoof-240x300.jpg 240w, https:\/\/www.meditation-workshop.de\/wp-content\/uploads\/2025\/04\/meditation-rezension-lou-schoof-819x1024.jpg 819w, https:\/\/www.meditation-workshop.de\/wp-content\/uploads\/2025\/04\/meditation-rezension-lou-schoof-768x960.jpg 768w, https:\/\/www.meditation-workshop.de\/wp-content\/uploads\/2025\/04\/meditation-rezension-lou-schoof-1229x1536.jpg 1229w, https:\/\/www.meditation-workshop.de\/wp-content\/uploads\/2025\/04\/meditation-rezension-lou-schoof-1080x1350.jpg 1080w, https:\/\/www.meditation-workshop.de\/wp-content\/uploads\/2025\/04\/meditation-rezension-lou-schoof.jpg 1280w\" sizes=\"auto, (max-width: 240px) 100vw, 240px\" \/><p class=\"wp-caption-text\">Lou Schoof<\/p><\/div>\n<blockquote style='display:block; float: left; width: 50%;'><p>Jeg havde v\u00e6ret opm\u00e6rksom p\u00e5 meditation i lang tid, men aldrig en praksis.<br \/>\nDet var kun gennem min workshop med Sigmund Bergen, at jeg fors\u00f8gte at integrere meditative rutiner i mit generelt opm\u00e6rksomme liv.<\/p>\n<p>En god ven anbefalede mig dette, vi lavede hurtigt en aftale og Sigmund bes\u00f8gte mig hjemme til workshoppen &#8211; ukompliceret og integreret i mit bomilj\u00f8.<br \/>\nI sin introduktion &#8211; og altid &#8211; gjorde de praksisser, han bidrog, det lettere for mig at \u00e5bent m\u00f8de min evne til indre og fysisk stilhed og meditation og lade mig selv blive b\u00e5ret af det, jeg fandt. Meditation er ikke l\u00e6ngere et begreb, jeg ikke kan h\u00e5ndtere \u2013 jeg fandt det gennem teknikker, som jeg stadig bruger i dag.<br \/>\nSiegmund viste mig m\u00e5der at meditere p\u00e5 med sin oprigtige og behagelige m\u00e5de at undervise p\u00e5. Og hjalp mig med at tillade dette.<\/p><\/blockquote>\n<p><small>Lou Schoof er en internationalt kendt model i modebranchen. Hendes arbejde som model og selvportr\u00e6tfotograf har optr\u00e5dt i publikationer som amerikanske, britiske, italienske og tyske Vogue. I 2020 blev Lou Schoof en f\u00f8rende stemme for st\u00f8rre b\u00e6redygtighed i modeindustrien.<\/small><\/p>\n","protected":false},"excerpt":{"rendered":"<p>ANMELDELSER Mathias Junge \u201cDa jeg l\u00e6rte Siggi Bergen at kende for 8 \u00e5r siden, l\u00e6rte jeg, at meditation ikke kr\u00e6ver nogen indsats eller grundl\u00e6ggende viden og faktisk kan bruges i enhver hverdagssituation. Gennem mindfulness, b\u00e5de som person og i mit virke som skuespiller, er jeg dybere i her og nu og alt omkring mig bliver [&hellip;]<\/p>\n","protected":false},"author":1,"featured_media":757,"parent":0,"menu_order":0,"comment_status":"closed","ping_status":"closed","template":"","meta":{"footnotes":""},"class_list":["post-756","page","type-page","status-publish","has-post-thumbnail","hentry"],"yoast_head":"<!-- This site is optimized with the Yoast SEO plugin v26.8 - https:\/\/yoast.com\/product\/yoast-seo-wordpress\/ -->\n<title>Anmeldelser - Meditation-Workshop<\/title>\n<meta name=\"description\" content=\"ANMELDELSER Mathias Junge \u201cDa jeg l\u00e6rte Siggi Bergen at kende for 8 \u00e5r siden, l\u00e6rte jeg, at meditation ikke kr\u00e6ver nogen indsats eller grundl\u00e6ggende viden\" \/>\n<meta name=\"robots\" content=\"index, follow, max-snippet:-1, max-image-preview:large, max-video-preview:-1\" \/>\n<link rel=\"canonical\" href=\"https:\/\/www.meditation-workshop.de\/da\/anmeldelser\/\" \/>\n<meta name=\"twitter:label1\" content=\"Est. reading time\" \/>\n\t<meta name=\"twitter:data1\" content=\"5 minutes\" \/>\n<script type=\"application\/ld+json\" class=\"yoast-schema-graph\">{\"@context\":\"https:\/\/schema.org\",\"@graph\":[{\"@type\":\"WebPage\",\"@id\":\"https:\/\/www.meditation-workshop.de\/da\/anmeldelser\/\",\"url\":\"https:\/\/www.meditation-workshop.de\/da\/anmeldelser\/\",\"name\":\"Anmeldelser - Meditation-Workshop\",\"isPartOf\":{\"@id\":\"https:\/\/www.meditation-workshop.de\/#website\"},\"primaryImageOfPage\":{\"@id\":\"https:\/\/www.meditation-workshop.de\/da\/anmeldelser\/#primaryimage\"},\"image\":{\"@id\":\"https:\/\/www.meditation-workshop.de\/da\/anmeldelser\/#primaryimage\"},\"thumbnailUrl\":\"https:\/\/www.meditation-workshop.de\/wp-content\/uploads\/2014\/02\/workshops-und-preise.jpg\",\"datePublished\":\"2023-09-24T11:08:54+00:00\",\"dateModified\":\"2025-05-20T10:30:21+00:00\",\"description\":\"ANMELDELSER Mathias Junge \u201cDa jeg l\u00e6rte Siggi Bergen at kende for 8 \u00e5r siden, l\u00e6rte jeg, at meditation ikke kr\u00e6ver nogen indsats eller grundl\u00e6ggende viden\",\"inLanguage\":\"da-DK\",\"potentialAction\":[{\"@type\":\"ReadAction\",\"target\":[\"https:\/\/www.meditation-workshop.de\/da\/anmeldelser\/\"]}]},{\"@type\":\"ImageObject\",\"inLanguage\":\"da-DK\",\"@id\":\"https:\/\/www.meditation-workshop.de\/da\/anmeldelser\/#primaryimage\",\"url\":\"https:\/\/www.meditation-workshop.de\/wp-content\/uploads\/2014\/02\/workshops-und-preise.jpg\",\"contentUrl\":\"https:\/\/www.meditation-workshop.de\/wp-content\/uploads\/2014\/02\/workshops-und-preise.jpg\",\"width\":3530,\"height\":2824},{\"@type\":\"WebSite\",\"@id\":\"https:\/\/www.meditation-workshop.de\/#website\",\"url\":\"https:\/\/www.meditation-workshop.de\/\",\"name\":\"Meditation-Workshop\",\"description\":\"Achtsamkeitmeditation. Stressbew\u00e4ltigung und Burnoutpr\u00e4vention durch Achtsamkeit\",\"potentialAction\":[{\"@type\":\"SearchAction\",\"target\":{\"@type\":\"EntryPoint\",\"urlTemplate\":\"https:\/\/www.meditation-workshop.de\/?s={search_term_string}\"},\"query-input\":{\"@type\":\"PropertyValueSpecification\",\"valueRequired\":true,\"valueName\":\"search_term_string\"}}],\"inLanguage\":\"da-DK\"}]}<\/script>\n<!-- \/ Yoast SEO plugin. -->","yoast_head_json":{"title":"Anmeldelser - Meditation-Workshop","description":"ANMELDELSER Mathias Junge \u201cDa jeg l\u00e6rte Siggi Bergen at kende for 8 \u00e5r siden, l\u00e6rte jeg, at meditation ikke kr\u00e6ver nogen indsats eller grundl\u00e6ggende viden","robots":{"index":"index","follow":"follow","max-snippet":"max-snippet:-1","max-image-preview":"max-image-preview:large","max-video-preview":"max-video-preview:-1"},"canonical":"https:\/\/www.meditation-workshop.de\/da\/anmeldelser\/","twitter_misc":{"Est. reading time":"5 minutes"},"schema":{"@context":"https:\/\/schema.org","@graph":[{"@type":"WebPage","@id":"https:\/\/www.meditation-workshop.de\/da\/anmeldelser\/","url":"https:\/\/www.meditation-workshop.de\/da\/anmeldelser\/","name":"Anmeldelser - Meditation-Workshop","isPartOf":{"@id":"https:\/\/www.meditation-workshop.de\/#website"},"primaryImageOfPage":{"@id":"https:\/\/www.meditation-workshop.de\/da\/anmeldelser\/#primaryimage"},"image":{"@id":"https:\/\/www.meditation-workshop.de\/da\/anmeldelser\/#primaryimage"},"thumbnailUrl":"https:\/\/www.meditation-workshop.de\/wp-content\/uploads\/2014\/02\/workshops-und-preise.jpg","datePublished":"2023-09-24T11:08:54+00:00","dateModified":"2025-05-20T10:30:21+00:00","description":"ANMELDELSER Mathias Junge \u201cDa jeg l\u00e6rte Siggi Bergen at kende for 8 \u00e5r siden, l\u00e6rte jeg, at meditation ikke kr\u00e6ver nogen indsats eller grundl\u00e6ggende viden","inLanguage":"da-DK","potentialAction":[{"@type":"ReadAction","target":["https:\/\/www.meditation-workshop.de\/da\/anmeldelser\/"]}]},{"@type":"ImageObject","inLanguage":"da-DK","@id":"https:\/\/www.meditation-workshop.de\/da\/anmeldelser\/#primaryimage","url":"https:\/\/www.meditation-workshop.de\/wp-content\/uploads\/2014\/02\/workshops-und-preise.jpg","contentUrl":"https:\/\/www.meditation-workshop.de\/wp-content\/uploads\/2014\/02\/workshops-und-preise.jpg","width":3530,"height":2824},{"@type":"WebSite","@id":"https:\/\/www.meditation-workshop.de\/#website","url":"https:\/\/www.meditation-workshop.de\/","name":"Meditation-Workshop","description":"Achtsamkeitmeditation. Stressbew\u00e4ltigung und Burnoutpr\u00e4vention durch Achtsamkeit","potentialAction":[{"@type":"SearchAction","target":{"@type":"EntryPoint","urlTemplate":"https:\/\/www.meditation-workshop.de\/?s={search_term_string}"},"query-input":{"@type":"PropertyValueSpecification","valueRequired":true,"valueName":"search_term_string"}}],"inLanguage":"da-DK"}]}},"_links":{"self":[{"href":"https:\/\/www.meditation-workshop.de\/da\/wp-json\/wp\/v2\/pages\/756","targetHints":{"allow":["GET"]}}],"collection":[{"href":"https:\/\/www.meditation-workshop.de\/da\/wp-json\/wp\/v2\/pages"}],"about":[{"href":"https:\/\/www.meditation-workshop.de\/da\/wp-json\/wp\/v2\/types\/page"}],"author":[{"embeddable":true,"href":"https:\/\/www.meditation-workshop.de\/da\/wp-json\/wp\/v2\/users\/1"}],"replies":[{"embeddable":true,"href":"https:\/\/www.meditation-workshop.de\/da\/wp-json\/wp\/v2\/comments?post=756"}],"version-history":[{"count":13,"href":"https:\/\/www.meditation-workshop.de\/da\/wp-json\/wp\/v2\/pages\/756\/revisions"}],"predecessor-version":[{"id":889,"href":"https:\/\/www.meditation-workshop.de\/da\/wp-json\/wp\/v2\/pages\/756\/revisions\/889"}],"wp:featuredmedia":[{"embeddable":true,"href":"https:\/\/www.meditation-workshop.de\/da\/wp-json\/wp\/v2\/media\/757"}],"wp:attachment":[{"href":"https:\/\/www.meditation-workshop.de\/da\/wp-json\/wp\/v2\/media?parent=756"}],"curies":[{"name":"wp","href":"https:\/\/api.w.org\/{rel}","templated":true}]}}