{"id":72,"date":"2014-02-14T09:17:49","date_gmt":"2014-02-14T09:17:49","guid":{"rendered":"http:\/\/meditation-workshop.de\/?page_id=72"},"modified":"2024-07-20T12:31:14","modified_gmt":"2024-07-20T10:31:14","slug":"beispiel-seite","status":"publish","type":"page","link":"https:\/\/www.meditation-workshop.de\/da\/","title":{"rendered":"Mindfulness Meditation"},"content":{"rendered":"<div class=\"et_pb_section\">\r\n\t\t\t<div class=\"et_pb_row\">\r\n\t\t\t<div class=\"et_pb_column et_pb_column_4_4\">\r\n\t\t\t<div class=\"et_pb_slider et_pb_slider_fullwidth_off\">\r\n\t\t\t<div class=\"et_pb_slides\">\r\n\t\t\t\t<div class=\"et_pb_slide et_pb_bg_layout_dark et_pb_media_alignment_center\" style='background-color:#ffffff;background-image:url(https:\/\/meditation-workshop.de\/wp-content\/uploads\/2014\/02\/Achtsamkeitsmeditation2.jpg);'>\r\n\t\t\t<div class=\"et_pb_container clearfix\">\r\n\t\t\t\t\r\n\t\t\t\t<div class=\"et_pb_slide_description\">\r\n\t\t\t\t\t\r\n\t\t\t\t\t<div class=\"et_pb_slide_content\"><\/div>\r\n\t\t\t\t\t\r\n\t\t\t\t<\/div> <!-- .et_pb_slide_description -->\r\n\t\t\t<\/div> <!-- .et_pb_container -->\r\n\t\t\t\r\n\t\t<\/div> <!-- .et_pb_slide -->\r\n\t\t\r\n\t\t\t<\/div> <!-- .et_pb_slides -->\r\n\t\t<\/div> <!-- .et_pb_slider -->\r\n\t\t<div class=\"et_pb_text et_pb_bg_layout_light et_pb_text_align_left\">\r\n\t\t\t\n<h1>Det Moderne Liv<\/h1>\n<p>Det moderne menneske er underlagt mangfoldige forpligtelser, hvortil det egentlig ikke er skabt.<\/p>\n<p>En dagligt voksende informationsm\u00e6ngde. St\u00f8rre og st\u00f8rre krav erhvervsm\u00e6ssigt og i familielivet. \u00d8nsket om at leve op til samfundets forestillinger om det &#8220;gode liv&#8221;.<\/p>\n<p>Alt dette medvirker til en knapt m\u00e6rkbar og dog stadigt voksende utilfredshed og disharmoni, som s\u00e5 medf\u00f8rer kropslig, \u00e5ndelig, og sj\u00e6lelig utilpashed.<\/p>\n<p>Dette er \u00e5rsagen til den stigende m\u00e6ngde af tilf\u00e6lde af udbr\u00e6ndthed, depressive tilstande, psykisk ustabilitet, og fysisk udmattelse.<\/p>\n<p>F\u00f8lgerne heraf er specielt for virksomheder tydeligt m\u00e6rkbare: Stigende frav\u00e6r hos medarbejderne, og en stedse faldende produktivitet.<\/p>\n<p>At bryde denne smertefulde og dr\u00e6nende onde cirkel, og gennemf\u00f8re en l\u00f8sning som hj\u00e6lper alle involverede parter, syntes at v\u00e6re mere n\u00f8dvendig idag end nogensinde f\u00f8r.<\/p>\n\r\n\t\t<\/div> <!-- .et_pb_text -->\r\n\t\t<\/div> <!-- .et_pb_column -->\r\n\t\t<\/div> <!-- .et_pb_row --><div class=\"et_pb_row\">\r\n\t\t\t<div class=\"et_pb_column et_pb_column_1_4\">\r\n\t\t\t<div class=\"et_pb_text et_pb_bg_layout_light et_pb_text_align_left\">\r\n\t\t\t\n<p><strong>Seminarer for Firmaer<\/strong><\/p>\n\r\n\t\t<\/div> <!-- .et_pb_text --><a href=\"\/mindfulnessseminarer-for-firmaer\/?lang=da\"><img decoding=\"async\" src=\"https:\/\/meditation-workshop.de\/wp-content\/uploads\/2014\/02\/achtsamkeitsseminare-im-unternehmen.jpg\" alt=\"Mindfullnessseminarer for Firmaer\" class=\"et-waypoint et_pb_image et_pb_animation_left\" \/><\/a>\r\n\t\t<\/div> <!-- .et_pb_column --><div class=\"et_pb_column et_pb_column_1_4\">\r\n\t\t\t<div class=\"et_pb_text et_pb_bg_layout_light et_pb_text_align_left\">\r\n\t\t\t\n<p><strong>Om Mig<\/strong><\/p>\n\r\n\t\t<\/div> <!-- .et_pb_text --><a href=\"\/om-mig\/?lang=da\"><img decoding=\"async\" src=\"https:\/\/meditation-workshop.de\/wp-content\/uploads\/2014\/02\/mein-ansatz.jpg\" alt=\"Im Mig\" class=\"et-waypoint et_pb_image et_pb_animation_left\" \/><\/a>\r\n\t\t<\/div> <!-- .et_pb_column -->\n<div class=\"et_pb_column et_pb_column_1_4\">\r\n\t\t\t<div class=\"et_pb_text et_pb_bg_layout_light et_pb_text_align_left\">\r\n\t\t\t\n<strong>Anmeldelser<\/strong>\r\n\t\t<\/div> <!-- .et_pb_text --><a href=\"\/da\/anmeldelser\/\"><img decoding=\"async\" src=\"https:\/\/www.meditation-workshop.de\/wp-content\/uploads\/2023\/04\/rezensionen.png\" alt=\"Anmeldelser\" class=\"et-waypoint et_pb_image et_pb_animation_left\" \/><\/a>\r\n\t\t<\/div> <!-- .et_pb_column -->\n<div class=\"et_pb_column et_pb_column_1_4\">\r\n\t\t\t<div class=\"et_pb_text et_pb_bg_layout_light et_pb_text_align_left\">\r\n\t\t\t\n<style><!-- .et_pb_row .et_pb_column:last-child{margin-top:0px;} --><\/style>\n<p><strong>Workshops og Priser<\/strong>\r\n\t\t<\/div> <!-- .et_pb_text --><a href=\"\/workshops-og-priser\/?lang=da\"><img decoding=\"async\" src=\"https:\/\/meditation-workshop.de\/wp-content\/uploads\/2014\/02\/Workshops_und_Preise.jpg\" alt=\"Workshops og Priser\" class=\"et-waypoint et_pb_image et_pb_animation_left\" \/><\/a>\r\n\t\t<\/div> <!-- .et_pb_column -->\r\n\t\t<\/div> <!-- .et_pb_row -->\r\n\t\t\t\r\n\t\t<\/div> <!-- .et_pb_section -->\n","protected":false},"excerpt":{"rendered":"","protected":false},"author":1,"featured_media":0,"parent":0,"menu_order":0,"comment_status":"open","ping_status":"closed","template":"","meta":{"footnotes":""},"class_list":["post-72","page","type-page","status-publish","hentry"],"yoast_head":"<!-- This site is optimized with the Yoast SEO plugin v26.8 - https:\/\/yoast.com\/product\/yoast-seo-wordpress\/ -->\n<title>Mindfulness Meditation - Meditation-Workshop<\/title>\n<meta name=\"robots\" content=\"index, follow, max-snippet:-1, max-image-preview:large, max-video-preview:-1\" \/>\n<link rel=\"canonical\" href=\"https:\/\/www.meditation-workshop.de\/da\/\" \/>\n<meta name=\"twitter:label1\" content=\"Est. reading time\" \/>\n\t<meta name=\"twitter:data1\" content=\"2 minutes\" \/>\n<script type=\"application\/ld+json\" class=\"yoast-schema-graph\">{\"@context\":\"https:\/\/schema.org\",\"@graph\":[{\"@type\":\"WebPage\",\"@id\":\"https:\/\/www.meditation-workshop.de\/da\/\",\"url\":\"https:\/\/www.meditation-workshop.de\/da\/\",\"name\":\"Mindfulness Meditation - Meditation-Workshop\",\"isPartOf\":{\"@id\":\"https:\/\/www.meditation-workshop.de\/#website\"},\"datePublished\":\"2014-02-14T09:17:49+00:00\",\"dateModified\":\"2024-07-20T10:31:14+00:00\",\"inLanguage\":\"da-DK\",\"potentialAction\":[{\"@type\":\"ReadAction\",\"target\":[\"https:\/\/www.meditation-workshop.de\/da\/\"]}]},{\"@type\":\"WebSite\",\"@id\":\"https:\/\/www.meditation-workshop.de\/#website\",\"url\":\"https:\/\/www.meditation-workshop.de\/\",\"name\":\"Meditation-Workshop\",\"description\":\"Achtsamkeitmeditation. Stressbew\u00e4ltigung und Burnoutpr\u00e4vention durch Achtsamkeit\",\"potentialAction\":[{\"@type\":\"SearchAction\",\"target\":{\"@type\":\"EntryPoint\",\"urlTemplate\":\"https:\/\/www.meditation-workshop.de\/?s={search_term_string}\"},\"query-input\":{\"@type\":\"PropertyValueSpecification\",\"valueRequired\":true,\"valueName\":\"search_term_string\"}}],\"inLanguage\":\"da-DK\"}]}<\/script>\n<!-- \/ Yoast SEO plugin. -->","yoast_head_json":{"title":"Mindfulness Meditation - Meditation-Workshop","robots":{"index":"index","follow":"follow","max-snippet":"max-snippet:-1","max-image-preview":"max-image-preview:large","max-video-preview":"max-video-preview:-1"},"canonical":"https:\/\/www.meditation-workshop.de\/da\/","twitter_misc":{"Est. reading time":"2 minutes"},"schema":{"@context":"https:\/\/schema.org","@graph":[{"@type":"WebPage","@id":"https:\/\/www.meditation-workshop.de\/da\/","url":"https:\/\/www.meditation-workshop.de\/da\/","name":"Mindfulness Meditation - Meditation-Workshop","isPartOf":{"@id":"https:\/\/www.meditation-workshop.de\/#website"},"datePublished":"2014-02-14T09:17:49+00:00","dateModified":"2024-07-20T10:31:14+00:00","inLanguage":"da-DK","potentialAction":[{"@type":"ReadAction","target":["https:\/\/www.meditation-workshop.de\/da\/"]}]},{"@type":"WebSite","@id":"https:\/\/www.meditation-workshop.de\/#website","url":"https:\/\/www.meditation-workshop.de\/","name":"Meditation-Workshop","description":"Achtsamkeitmeditation. Stressbew\u00e4ltigung und Burnoutpr\u00e4vention durch Achtsamkeit","potentialAction":[{"@type":"SearchAction","target":{"@type":"EntryPoint","urlTemplate":"https:\/\/www.meditation-workshop.de\/?s={search_term_string}"},"query-input":{"@type":"PropertyValueSpecification","valueRequired":true,"valueName":"search_term_string"}}],"inLanguage":"da-DK"}]}},"_links":{"self":[{"href":"https:\/\/www.meditation-workshop.de\/da\/wp-json\/wp\/v2\/pages\/72","targetHints":{"allow":["GET"]}}],"collection":[{"href":"https:\/\/www.meditation-workshop.de\/da\/wp-json\/wp\/v2\/pages"}],"about":[{"href":"https:\/\/www.meditation-workshop.de\/da\/wp-json\/wp\/v2\/types\/page"}],"author":[{"embeddable":true,"href":"https:\/\/www.meditation-workshop.de\/da\/wp-json\/wp\/v2\/users\/1"}],"replies":[{"embeddable":true,"href":"https:\/\/www.meditation-workshop.de\/da\/wp-json\/wp\/v2\/comments?post=72"}],"version-history":[{"count":65,"href":"https:\/\/www.meditation-workshop.de\/da\/wp-json\/wp\/v2\/pages\/72\/revisions"}],"predecessor-version":[{"id":815,"href":"https:\/\/www.meditation-workshop.de\/da\/wp-json\/wp\/v2\/pages\/72\/revisions\/815"}],"wp:attachment":[{"href":"https:\/\/www.meditation-workshop.de\/da\/wp-json\/wp\/v2\/media?parent=72"}],"curies":[{"name":"wp","href":"https:\/\/api.w.org\/{rel}","templated":true}]}}