{"id":161,"date":"2014-02-18T10:43:56","date_gmt":"2014-02-18T08:43:56","guid":{"rendered":"http:\/\/meditation-workshop.de\/meditation-in-der-praxis-statt-arbeitswelt-2\/"},"modified":"2023-04-23T23:02:26","modified_gmt":"2023-04-23T21:02:26","slug":"workshops-og-priser","status":"publish","type":"page","link":"https:\/\/www.meditation-workshop.de\/da\/workshops-og-priser\/","title":{"rendered":"Workshops og Priser"},"content":{"rendered":"<h1>Workshops og Priser<\/h1>\n<p><img loading=\"lazy\" decoding=\"async\" src=\"https:\/\/meditation-workshop.de\/wp-content\/uploads\/2014\/02\/005_b1-210x300.jpg\" alt=\"Meditationssitz\" width=\"210\" height=\"300\" class=\"alignleft size-medium wp-image-421\" srcset=\"https:\/\/www.meditation-workshop.de\/wp-content\/uploads\/2014\/02\/005_b1-210x300.jpg 210w, https:\/\/www.meditation-workshop.de\/wp-content\/uploads\/2014\/02\/005_b1-717x1024.jpg 717w, https:\/\/www.meditation-workshop.de\/wp-content\/uploads\/2014\/02\/005_b1-1080x1542.jpg 1080w\" sizes=\"auto, (max-width: 210px) 100vw, 210px\" \/> Foresp\u00f8rg mig venligst personligt om priser, da disse afh\u00e6nger af  tidsforbrug, deltagerantal og geografi.<br \/>\nJeg tilbyder mine tjenester  Tyskland og resten af Europa, men ogs\u00e5 verdensomsp\u00e6ndende for firmaer og enkeltpersoner p\u00e5 b\u00e5de engelsk, tysk, og dansk.<\/p>\n","protected":false},"excerpt":{"rendered":"<p>Workshops og Priser Foresp\u00f8rg mig venligst personligt om priser, da disse afh\u00e6nger af tidsforbrug, deltagerantal og geografi. Jeg tilbyder mine tjenester Tyskland og resten af Europa, men ogs\u00e5 verdensomsp\u00e6ndende for firmaer og enkeltpersoner p\u00e5 b\u00e5de engelsk, tysk, og dansk.<\/p>\n","protected":false},"author":1,"featured_media":0,"parent":0,"menu_order":0,"comment_status":"open","ping_status":"open","template":"","meta":{"footnotes":""},"class_list":["post-161","page","type-page","status-publish","hentry"],"yoast_head":"<!-- This site is optimized with the Yoast SEO plugin v26.8 - https:\/\/yoast.com\/product\/yoast-seo-wordpress\/ -->\n<title>Workshops og Priser - Meditation-Workshop<\/title>\n<meta name=\"description\" content=\"Workshops og Priser Foresp\u00f8rg mig venligst personligt om priser, da disse afh\u00e6nger af tidsforbrug, deltagerantal og geografi. Jeg tilbyder mine tjenester\" \/>\n<meta name=\"robots\" content=\"index, follow, max-snippet:-1, max-image-preview:large, max-video-preview:-1\" \/>\n<link rel=\"canonical\" href=\"https:\/\/www.meditation-workshop.de\/workshops-og-priser\/?lang=da\" \/>\n<meta name=\"twitter:label1\" content=\"Est. reading time\" \/>\n\t<meta name=\"twitter:data1\" content=\"1 minute\" \/>\n<script type=\"application\/ld+json\" class=\"yoast-schema-graph\">{\"@context\":\"https:\/\/schema.org\",\"@graph\":[{\"@type\":\"WebPage\",\"@id\":\"https:\/\/www.meditation-workshop.de\/workshops-og-priser\/?lang=da\",\"url\":\"https:\/\/www.meditation-workshop.de\/workshops-og-priser\/?lang=da\",\"name\":\"Workshops og Priser - Meditation-Workshop\",\"isPartOf\":{\"@id\":\"https:\/\/www.meditation-workshop.de\/#website\"},\"primaryImageOfPage\":{\"@id\":\"https:\/\/www.meditation-workshop.de\/workshops-og-priser\/?lang=da#primaryimage\"},\"image\":{\"@id\":\"https:\/\/www.meditation-workshop.de\/workshops-og-priser\/?lang=da#primaryimage\"},\"thumbnailUrl\":\"https:\/\/meditation-workshop.de\/wp-content\/uploads\/2014\/02\/005_b1-210x300.jpg\",\"datePublished\":\"2014-02-18T08:43:56+00:00\",\"dateModified\":\"2023-04-23T21:02:26+00:00\",\"description\":\"Workshops og Priser Foresp\u00f8rg mig venligst personligt om priser, da disse afh\u00e6nger af tidsforbrug, deltagerantal og geografi. Jeg tilbyder mine tjenester\",\"inLanguage\":\"da-DK\",\"potentialAction\":[{\"@type\":\"ReadAction\",\"target\":[\"https:\/\/www.meditation-workshop.de\/workshops-og-priser\/?lang=da\"]}]},{\"@type\":\"ImageObject\",\"inLanguage\":\"da-DK\",\"@id\":\"https:\/\/www.meditation-workshop.de\/workshops-og-priser\/?lang=da#primaryimage\",\"url\":\"https:\/\/meditation-workshop.de\/wp-content\/uploads\/2014\/02\/005_b1-210x300.jpg\",\"contentUrl\":\"https:\/\/meditation-workshop.de\/wp-content\/uploads\/2014\/02\/005_b1-210x300.jpg\"},{\"@type\":\"WebSite\",\"@id\":\"https:\/\/www.meditation-workshop.de\/#website\",\"url\":\"https:\/\/www.meditation-workshop.de\/\",\"name\":\"Meditation-Workshop\",\"description\":\"Achtsamkeitmeditation. Stressbew\u00e4ltigung und Burnoutpr\u00e4vention durch Achtsamkeit\",\"potentialAction\":[{\"@type\":\"SearchAction\",\"target\":{\"@type\":\"EntryPoint\",\"urlTemplate\":\"https:\/\/www.meditation-workshop.de\/?s={search_term_string}\"},\"query-input\":{\"@type\":\"PropertyValueSpecification\",\"valueRequired\":true,\"valueName\":\"search_term_string\"}}],\"inLanguage\":\"da-DK\"}]}<\/script>\n<!-- \/ Yoast SEO plugin. -->","yoast_head_json":{"title":"Workshops og Priser - Meditation-Workshop","description":"Workshops og Priser Foresp\u00f8rg mig venligst personligt om priser, da disse afh\u00e6nger af tidsforbrug, deltagerantal og geografi. Jeg tilbyder mine tjenester","robots":{"index":"index","follow":"follow","max-snippet":"max-snippet:-1","max-image-preview":"max-image-preview:large","max-video-preview":"max-video-preview:-1"},"canonical":"https:\/\/www.meditation-workshop.de\/workshops-og-priser\/?lang=da","twitter_misc":{"Est. reading time":"1 minute"},"schema":{"@context":"https:\/\/schema.org","@graph":[{"@type":"WebPage","@id":"https:\/\/www.meditation-workshop.de\/workshops-og-priser\/?lang=da","url":"https:\/\/www.meditation-workshop.de\/workshops-og-priser\/?lang=da","name":"Workshops og Priser - Meditation-Workshop","isPartOf":{"@id":"https:\/\/www.meditation-workshop.de\/#website"},"primaryImageOfPage":{"@id":"https:\/\/www.meditation-workshop.de\/workshops-og-priser\/?lang=da#primaryimage"},"image":{"@id":"https:\/\/www.meditation-workshop.de\/workshops-og-priser\/?lang=da#primaryimage"},"thumbnailUrl":"https:\/\/meditation-workshop.de\/wp-content\/uploads\/2014\/02\/005_b1-210x300.jpg","datePublished":"2014-02-18T08:43:56+00:00","dateModified":"2023-04-23T21:02:26+00:00","description":"Workshops og Priser Foresp\u00f8rg mig venligst personligt om priser, da disse afh\u00e6nger af tidsforbrug, deltagerantal og geografi. Jeg tilbyder mine tjenester","inLanguage":"da-DK","potentialAction":[{"@type":"ReadAction","target":["https:\/\/www.meditation-workshop.de\/workshops-og-priser\/?lang=da"]}]},{"@type":"ImageObject","inLanguage":"da-DK","@id":"https:\/\/www.meditation-workshop.de\/workshops-og-priser\/?lang=da#primaryimage","url":"https:\/\/meditation-workshop.de\/wp-content\/uploads\/2014\/02\/005_b1-210x300.jpg","contentUrl":"https:\/\/meditation-workshop.de\/wp-content\/uploads\/2014\/02\/005_b1-210x300.jpg"},{"@type":"WebSite","@id":"https:\/\/www.meditation-workshop.de\/#website","url":"https:\/\/www.meditation-workshop.de\/","name":"Meditation-Workshop","description":"Achtsamkeitmeditation. Stressbew\u00e4ltigung und Burnoutpr\u00e4vention durch Achtsamkeit","potentialAction":[{"@type":"SearchAction","target":{"@type":"EntryPoint","urlTemplate":"https:\/\/www.meditation-workshop.de\/?s={search_term_string}"},"query-input":{"@type":"PropertyValueSpecification","valueRequired":true,"valueName":"search_term_string"}}],"inLanguage":"da-DK"}]}},"_links":{"self":[{"href":"https:\/\/www.meditation-workshop.de\/da\/wp-json\/wp\/v2\/pages\/161","targetHints":{"allow":["GET"]}}],"collection":[{"href":"https:\/\/www.meditation-workshop.de\/da\/wp-json\/wp\/v2\/pages"}],"about":[{"href":"https:\/\/www.meditation-workshop.de\/da\/wp-json\/wp\/v2\/types\/page"}],"author":[{"embeddable":true,"href":"https:\/\/www.meditation-workshop.de\/da\/wp-json\/wp\/v2\/users\/1"}],"replies":[{"embeddable":true,"href":"https:\/\/www.meditation-workshop.de\/da\/wp-json\/wp\/v2\/comments?post=161"}],"version-history":[{"count":19,"href":"https:\/\/www.meditation-workshop.de\/da\/wp-json\/wp\/v2\/pages\/161\/revisions"}],"predecessor-version":[{"id":733,"href":"https:\/\/www.meditation-workshop.de\/da\/wp-json\/wp\/v2\/pages\/161\/revisions\/733"}],"wp:attachment":[{"href":"https:\/\/www.meditation-workshop.de\/da\/wp-json\/wp\/v2\/media?parent=161"}],"curies":[{"name":"wp","href":"https:\/\/api.w.org\/{rel}","templated":true}]}}